{"id":129,"date":"2020-05-14T09:23:33","date_gmt":"2020-05-14T09:23:33","guid":{"rendered":"http:\/\/hausarztpraxisolching.de\/?page_id=129"},"modified":"2020-06-12T20:08:43","modified_gmt":"2020-06-12T20:08:43","slug":"impressum","status":"publish","type":"page","link":"https:\/\/hausarztpraxisolching.de\/?page_id=129","title":{"rendered":"Impressum"},"content":{"rendered":"\t\t<div data-elementor-type=\"wp-page\" data-elementor-id=\"129\" class=\"elementor elementor-129\" data-elementor-post-type=\"page\">\n\t\t\t\t\t\t<section class=\"elementor-section elementor-top-section elementor-element elementor-element-a6013a0 elementor-section-boxed elementor-section-height-default elementor-section-height-default\" data-id=\"a6013a0\" data-element_type=\"section\" data-e-type=\"section\">\n\t\t\t\t\t\t<div class=\"elementor-container elementor-column-gap-default\">\n\t\t\t\t\t<div class=\"elementor-column elementor-col-100 elementor-top-column elementor-element elementor-element-11f2fd5\" data-id=\"11f2fd5\" data-element_type=\"column\" data-e-type=\"column\">\n\t\t\t<div class=\"elementor-widget-wrap elementor-element-populated\">\n\t\t\t\t\t\t<div class=\"elementor-element elementor-element-c911b72 elementor-widget elementor-widget-text-editor\" data-id=\"c911b72\" data-element_type=\"widget\" data-e-type=\"widget\" data-widget_type=\"text-editor.default\">\n\t\t\t\t<div class=\"elementor-widget-container\">\n\t\t\t\t\t\t\t\t\t<h3><strong>Angaben gem\u00e4\u00df \u00a7 5 TMG:<\/strong><\/h3>\n<h4>Hausarztpraxis Olching<\/h4>\n<h4><span style=\"font-size: 17px; font-weight: 600;\">Hauptstrasse 9b<\/span><\/h4>\n<h4><span style=\"font-size: 17px; font-weight: 600;\">82140 Olching<\/span><\/h4>\n<p>Tel.: 08142 \/ 49200<br>Fax: 08142 \/ 49211<br>Email:&nbsp;<a href=\"mailto:info@hausarztpraxisolching.de\">info@hausarztpraxisolching.de<\/a><\/p>\n<p>Internet: <a href=\"http:\/\/www.hausarztpraxisolching.de\">www.hausarztpraxisolching.de<\/a><\/p>\n<p><strong>Berufsrechtliche Angaben:<\/strong><\/p>\n<p><strong>Dr. Susanne Rieber&nbsp;Fach\u00e4rztin f\u00fcr Innere Medizin, Schwerpunkt Angiologie&nbsp;<\/strong>\u00c4rztin, Approbation verliehen in der Bundesrepublik Deutschland<\/p>\n<p><strong>Dr. Hans Christof Ressel<br><\/strong>Arzt, Approbation verliehen in der Bundesrepublik Deutschland<\/p>\n<p><strong>Dr. Klaus Fischer<br><\/strong>Arzt, Approbation verliehen in der Bundesrepublik Deutschland<\/p>\n<p><strong>Zust\u00e4ndige \u00c4rztekammer:<br><\/strong>Bayerische Landes\u00e4rztekammer, M\u00fchlbaurstr. 16, 81677 M\u00fcnchen,<br><a href=\"http:\/\/www.blaek.de\/\" target=\"_blank\" rel=\"noopener\">www.blaek.de<\/a><\/p>\n<p><strong>Zust\u00e4ndige Aufsichtsbeh\u00f6rde f\u00fcr vertrags\u00e4rztliche T\u00e4tigkeiten:<br><\/strong>Kassen\u00e4rztliche Vereinigung Bayerns, Elsenheimerstr. 39, 80687 M\u00fcnchen,<br><a href=\"http:\/\/www.kvb.de\/\" target=\"_blank\" rel=\"noopener\">www.kvb.de<\/a><\/p>\n<p><strong>Zust\u00e4ndige Approbationsbeh\u00f6rde \/ zust\u00e4ndige Bezirksregierung:<br><\/strong>Regierung von Oberbayern, Maximilianstra\u00dfe 39, 80538 M\u00fcnchen<\/p>\n<p><strong>Berufsrechtliche Regelungen:<br><\/strong><a href=\"http:\/\/www.blaek.de\/pdf_rechtliches\/haupt\/BO_2_16.pdf\" target=\"_blank\" rel=\"noopener\">Berufsordnung f\u00fcr die bayerischen \u00c4rzte<\/a><br><a href=\"http:\/\/www.gesetze-bayern.de\/(X(1)S(cgamsdfnlme3otfml0gpwrg3))\/Content\/Document\/BayHKaG?AspxAutoDetectCookieSupport=1\" target=\"_blank\" rel=\"noopener\">Heilberufe-Kammergesetz<\/a><br><a href=\"http:\/\/www.gesetze-im-internet.de\/go__1982\/index.html\" target=\"_blank\" rel=\"noopener\">Geb\u00fchrenordnung f\u00fcr \u00c4rzte<\/a><\/p>\n<p><strong>Inhaltlich Verantwortlich:<br><\/strong>Dr. Susanne Rieber<br>(Kontakt siehe oben)<\/p>\n<p>Bildnachweis \u00a9 Adobe stock \/ Rieber<\/p>\n<p><strong>Haftung f\u00fcr Inhalte<br><\/strong>Die Inhalte dieses Internetauftritts werden nach bestem Wissen und Gewissen erstellt und ausgew\u00e4hlt. Dennoch \u00fcbernehmen wir keine Gew\u00e4hr f\u00fcr die Richtigkeit, Vollst\u00e4ndigkeit und Aktualit\u00e4t der bereitgestellten Informationen.<\/p>\n<p>Als Diensteanbieter sind wir dar\u00fcber hinaus nach \u00a7 7 Abs. 1 TMG f\u00fcr eigene Inhalte und bereitgestellte Informationen auf diesen Seiten nach den allgemeinen Gesetzen verantwortlich.<\/p>\n<p><strong>Haftung f\u00fcr Links<br><\/strong>Dieser Internetauftritt enth\u00e4lt Verlinkungen zu anderen Webseiten, auf deren Inhalt wir keinen Einfluss haben. F\u00fcr die Inhalte und Richtigkeit der bereitgestellten Informationen ist der jeweilige Anbieter der verlinkten Webseite verantwortlich. Zum Zeitpunkt der Verlinkung waren keine Rechtsverst\u00f6\u00dfe erkennbar. Bei Bekanntwerden einer Rechtsverletzung wird der Link umgehend entfernt.<strong>&nbsp;<\/strong><\/p>\n<p><strong>Urheberrecht<br><\/strong>Die durch uns erstellten Inhalte und Werke unterliegen dem deutschen Urheberrecht. Eine Vervielf\u00e4ltigung, Bearbeitung, Verbreitung oder jede Art der Verwertung au\u00dferhalb der Grenzen des Urheberrechtes bed\u00fcrfen unserer schriftlichen Zustimmung.<\/p>\n<p>Downloads und Kopien dieser Seite sind nur f\u00fcr den privaten, nicht kommerziellen Gebrauch gestattet. Soweit die Inhalte auf dieser Seite nicht vom Betreiber erstellt wurden, werden die Urheberrechte Dritter beachtet. Insbesondere werden Inhalte Dritter als solche gekennzeichnet. Sollten Sie trotzdem auf eine Urheberrechtsverletzung aufmerksam werden, bitten wir Sie uns zu benachrichtigen. Wir werden entsprechende Inhalte unverz\u00fcglich entfernen.<\/p>\t\t\t\t\t\t\t\t<\/div>\n\t\t\t\t<\/div>\n\t\t\t\t\t<\/div>\n\t\t<\/div>\n\t\t\t\t\t<\/div>\n\t\t<\/section>\n\t\t\t\t<\/div>\n\t\t","protected":false},"excerpt":{"rendered":"<p>Angaben gem\u00e4\u00df \u00a7 5 TMG: Hausarztpraxis Olching Hauptstrasse 9b 82140 Olching Tel.: 08142 \/ 49200 Fax: 08142 \/ 49211 Email:&nbsp;info@hausarztpraxisolching.de Internet: www.hausarztpraxisolching.de Berufsrechtliche Angaben: Dr. Susanne Rieber&nbsp;Fach\u00e4rztin f\u00fcr Innere Medizin, Schwerpunkt Angiologie&nbsp;\u00c4rztin, Approbation verliehen in der Bundesrepublik Deutschland Dr. Hans Christof Ressel Arzt, Approbation verliehen in der Bundesrepublik Deutschland Dr. Klaus Fischer Arzt, Approbation verliehen [&hellip;]<\/p>\n","protected":false},"author":1,"featured_media":0,"parent":0,"menu_order":0,"comment_status":"closed","ping_status":"closed","template":"","meta":{"ocean_post_layout":"","ocean_both_sidebars_style":"","ocean_both_sidebars_content_width":0,"ocean_both_sidebars_sidebars_width":0,"ocean_sidebar":"0","ocean_second_sidebar":"0","ocean_disable_margins":"enable","ocean_add_body_class":"","ocean_shortcode_before_top_bar":"","ocean_shortcode_after_top_bar":"","ocean_shortcode_before_header":"","ocean_shortcode_after_header":"","ocean_has_shortcode":"","ocean_shortcode_after_title":"","ocean_shortcode_before_footer_widgets":"","ocean_shortcode_after_footer_widgets":"","ocean_shortcode_before_footer_bottom":"","ocean_shortcode_after_footer_bottom":"","ocean_display_top_bar":"default","ocean_display_header":"default","ocean_header_style":"","ocean_center_header_left_menu":"0","ocean_custom_header_template":"0","ocean_custom_logo":0,"ocean_custom_retina_logo":0,"ocean_custom_logo_max_width":0,"ocean_custom_logo_tablet_max_width":0,"ocean_custom_logo_mobile_max_width":0,"ocean_custom_logo_max_height":0,"ocean_custom_logo_tablet_max_height":0,"ocean_custom_logo_mobile_max_height":0,"ocean_header_custom_menu":"0","ocean_menu_typo_font_family":"0","ocean_menu_typo_font_subset":"","ocean_menu_typo_font_size":0,"ocean_menu_typo_font_size_tablet":0,"ocean_menu_typo_font_size_mobile":0,"ocean_menu_typo_font_size_unit":"px","ocean_menu_typo_font_weight":"","ocean_menu_typo_font_weight_tablet":"","ocean_menu_typo_font_weight_mobile":"","ocean_menu_typo_transform":"","ocean_menu_typo_transform_tablet":"","ocean_menu_typo_transform_mobile":"","ocean_menu_typo_line_height":0,"ocean_menu_typo_line_height_tablet":0,"ocean_menu_typo_line_height_mobile":0,"ocean_menu_typo_line_height_unit":"","ocean_menu_typo_spacing":0,"ocean_menu_typo_spacing_tablet":0,"ocean_menu_typo_spacing_mobile":0,"ocean_menu_typo_spacing_unit":"","ocean_menu_link_color":"","ocean_menu_link_color_hover":"","ocean_menu_link_color_active":"","ocean_menu_link_background":"","ocean_menu_link_hover_background":"","ocean_menu_link_active_background":"","ocean_menu_social_links_bg":"","ocean_menu_social_hover_links_bg":"","ocean_menu_social_links_color":"","ocean_menu_social_hover_links_color":"","ocean_disable_title":"default","ocean_disable_heading":"default","ocean_post_title":"","ocean_post_subheading":"","ocean_post_title_style":"","ocean_post_title_background_color":"","ocean_post_title_background":0,"ocean_post_title_bg_image_position":"","ocean_post_title_bg_image_attachment":"","ocean_post_title_bg_image_repeat":"","ocean_post_title_bg_image_size":"","ocean_post_title_height":0,"ocean_post_title_bg_overlay":0.5,"ocean_post_title_bg_overlay_color":"","ocean_disable_breadcrumbs":"default","ocean_breadcrumbs_color":"","ocean_breadcrumbs_separator_color":"","ocean_breadcrumbs_links_color":"","ocean_breadcrumbs_links_hover_color":"","ocean_display_footer_widgets":"default","ocean_display_footer_bottom":"default","ocean_custom_footer_template":"0","footnotes":""},"class_list":["post-129","page","type-page","status-publish","hentry","entry"],"_links":{"self":[{"href":"https:\/\/hausarztpraxisolching.de\/index.php?rest_route=\/wp\/v2\/pages\/129","targetHints":{"allow":["GET"]}}],"collection":[{"href":"https:\/\/hausarztpraxisolching.de\/index.php?rest_route=\/wp\/v2\/pages"}],"about":[{"href":"https:\/\/hausarztpraxisolching.de\/index.php?rest_route=\/wp\/v2\/types\/page"}],"author":[{"embeddable":true,"href":"https:\/\/hausarztpraxisolching.de\/index.php?rest_route=\/wp\/v2\/users\/1"}],"replies":[{"embeddable":true,"href":"https:\/\/hausarztpraxisolching.de\/index.php?rest_route=%2Fwp%2Fv2%2Fcomments&post=129"}],"version-history":[{"count":10,"href":"https:\/\/hausarztpraxisolching.de\/index.php?rest_route=\/wp\/v2\/pages\/129\/revisions"}],"predecessor-version":[{"id":3099,"href":"https:\/\/hausarztpraxisolching.de\/index.php?rest_route=\/wp\/v2\/pages\/129\/revisions\/3099"}],"wp:attachment":[{"href":"https:\/\/hausarztpraxisolching.de\/index.php?rest_route=%2Fwp%2Fv2%2Fmedia&parent=129"}],"curies":[{"name":"wp","href":"https:\/\/api.w.org\/{rel}","templated":true}]}}